{"id":11831,"date":"2023-09-11T12:24:19","date_gmt":"2023-09-11T12:24:19","guid":{"rendered":"https:\/\/www.metacontratas.com\/politica-de-calidad-medioambiente-y-seguridad-y-salud-en-el-trabajo\/"},"modified":"2024-02-23T17:12:21","modified_gmt":"2024-02-23T17:12:21","slug":"politique-de-qualite-denvironnement-et-de-sante-et-securite-au-travail","status":"publish","type":"page","link":"https:\/\/www.metacontratas.com\/fr\/politique-de-qualite-denvironnement-et-de-sante-et-securite-au-travail\/","title":{"rendered":"Politique de qualit\u00e9, d&rsquo;environnement et de sant\u00e9 et s\u00e9curit\u00e9 au travail"},"content":{"rendered":"\t\t<div data-elementor-type=\"wp-page\" data-elementor-id=\"11831\" class=\"elementor elementor-11831 elementor-3739\" data-elementor-post-type=\"page\">\n\t\t\t\t\t\t<section class=\"elementor-section elementor-top-section elementor-element elementor-element-caacd00 elementor-section-boxed elementor-section-height-default elementor-section-height-default\" data-id=\"caacd00\" data-element_type=\"section\">\n\t\t\t\t\t\t<div class=\"elementor-container elementor-column-gap-default\">\n\t\t\t\t\t<div class=\"elementor-column elementor-col-100 elementor-top-column elementor-element elementor-element-a9f1ab1\" data-id=\"a9f1ab1\" data-element_type=\"column\">\n\t\t\t<div class=\"elementor-widget-wrap elementor-element-populated\">\n\t\t\t\t\t\t<div class=\"elementor-element elementor-element-f0e791f elementor-widget elementor-widget-text-editor\" data-id=\"f0e791f\" data-element_type=\"widget\" data-widget_type=\"text-editor.default\">\n\t\t\t\t<div class=\"elementor-widget-container\">\n\t\t\t<style>\/*! elementor - v3.22.0 - 17-06-2024 *\/\n.elementor-widget-text-editor.elementor-drop-cap-view-stacked .elementor-drop-cap{background-color:#69727d;color:#fff}.elementor-widget-text-editor.elementor-drop-cap-view-framed .elementor-drop-cap{color:#69727d;border:3px solid;background-color:transparent}.elementor-widget-text-editor:not(.elementor-drop-cap-view-default) .elementor-drop-cap{margin-top:8px}.elementor-widget-text-editor:not(.elementor-drop-cap-view-default) .elementor-drop-cap-letter{width:1em;height:1em}.elementor-widget-text-editor .elementor-drop-cap{float:left;text-align:center;line-height:1;font-size:50px}.elementor-widget-text-editor .elementor-drop-cap-letter{display:inline-block}<\/style>\t\t\t\t<h1><b>Politique de qualit\u00e9, d&rsquo;environnement et de sant\u00e9 et s\u00e9curit\u00e9 au travail<\/b><\/h1>\n\n\t\t\t<p>METADATA S.L. s&rsquo;engage \u00e0 maintenir un Syst\u00e8me de gestion de la qualit\u00e9, de l&rsquo;environnement et de la sant\u00e9 et s\u00e9curit\u00e9 au travail, bas\u00e9 sur les exigences des normes ISO 9001:2015, ISO 14001:2015 et ISO 45001:2018, &nbsp;pour ses activit\u00e9s de <u>d\u00e9veloppement informatique pour les entreprises, de prestation de services de gestion de documents li\u00e9s \u00e0 la sant\u00e9 et \u00e0 la s\u00e9curit\u00e9,<\/u>,<\/p>\n<p>METADATA S.L.,&nbsp; une entreprise avec plus de 15 ans d&rsquo;exp\u00e9rience dans le secteur. Sa politique est ax\u00e9e sur l&rsquo;offre de solutions informatiques \u00e0 ses clients, &nbsp;en garantissant l&rsquo;am\u00e9lioration continue de l&rsquo;efficacit\u00e9 du syst\u00e8me de gestion.<\/p>\n<p>Conform\u00e9ment \u00e0 ces principes, METADATA S.L. assume les engagements suivants :<\/p>\n<ul>\n<li>D\u00e9velopper notre activit\u00e9 en garantissant la qualit\u00e9 de notre travail, afin de <strong>satisfaire les besoins de nos clients<\/strong> qui exigent qualit\u00e9, d\u00e9tail et excellence dans chaque action.<\/li>\n<li><strong>Adaptation aux changements :<\/strong> METADATA S.L. est une entreprise flexible qui s&rsquo;adapte aux changements et \u00e9volue dans diff\u00e9rents contextes.<\/li>\n<li><strong>Protection de l&rsquo;environnement :<\/strong> la pr\u00e9vention de la pollution et de l&rsquo;\u00e9puisement des ressources est inscrite dans toutes les activit\u00e9s ayant un impact potentiel sur l&rsquo;environnement, par le biais du contr\u00f4le, de la gestion et de la minimisation des d\u00e9chets \u00e9ventuels g\u00e9n\u00e9r\u00e9s par nos activit\u00e9s.<\/li>\n<li><strong>Pr\u00e9vention des risques professionnels<\/strong>: assurer des conditions de travail s\u00fbres et saines, et planifier des actions de pr\u00e9vention dans toutes les activit\u00e9s professionnelles r\u00e9alis\u00e9es, afin d&rsquo;\u00e9viter toute blessure ou d\u00e9t\u00e9rioration de la sant\u00e9 ou du bien-\u00eatre des travailleurs, en \u00e9liminant les dangers et en r\u00e9duisant les risques pour la sant\u00e9 et la s\u00e9curit\u00e9 au travail.<\/li>\n<li><strong>L\u00e9galit\u00e9 :<\/strong> le respect de toutes les exigences l\u00e9gales applicables et de toute autre exigence \u00e0 laquelle l&rsquo;organisation a souscrit est une condition de base. C&rsquo;est pourquoi nous nous engageons \u00e0 effectuer r\u00e9guli\u00e8rement des contr\u00f4les de conformit\u00e9 juridique.<\/li>\n<\/ul>\n<p>&nbsp;<\/p>\n<p>Nous sommes conscients de l&rsquo;importance du facteur humain dans la qualit\u00e9 de notre travail, c&rsquo;est pourquoi nous disposons d&rsquo;une excellente \u00e9quipe multidisciplinaire. Ensemble, nous sommes en mesure d\u2019offrir \u00e0 nos clients une vision commune, int\u00e9grale et professionnelle.<\/p>\n<p>&nbsp;<\/p>\n<p>La responsabilit\u00e9 du lancement et de la mise en \u0153uvre du syst\u00e8me de gestion incombe \u00e0 tous les secteurs de METADATA S.L., c&rsquo;est pourquoi tous les employ\u00e9s s&rsquo;engagent \u00e0 int\u00e9grer la gestion pr\u00e9ventive dans leurs activit\u00e9s quotidiennes, ainsi qu&rsquo;\u00e0 minimiser la production de d\u00e9chets et la consommation.<\/p>\n<p>L&rsquo;am\u00e9lioration continue du syst\u00e8me ne peut \u00eatre r\u00e9alis\u00e9e que gr\u00e2ce \u00e0 l&rsquo;information, \u00e0 la consultation et \u00e0 la participation du personnel, \u00e0 tous les niveaux et \u00e0 tous les \u00e9chelons de METADATA S.L.<\/p>\n<p>&nbsp;<\/p>\n<p style=\"text-align: center;\">Malaga, le 16 septembre 2019<\/p>\n<p style=\"text-align: center;\">Adresse<\/p>\n<p style=\"text-align: center;\">Francisco Pic\u00f3n<\/p>\n<p>&nbsp;<\/p>\n\t\t\t\t\t\t<\/div>\n\t\t\t\t<\/div>\n\t\t\t\t\t<\/div>\n\t\t<\/div>\n\t\t\t\t\t<\/div>\n\t\t<\/section>\n\t\t\t\t<\/div>\n\t\t","protected":false},"excerpt":{"rendered":"<p>Politique de qualit\u00e9, d&rsquo;environnement et de sant\u00e9 et s\u00e9curit\u00e9 au travail METADATA S.L. s&rsquo;engage \u00e0 maintenir un Syst\u00e8me de gestion de la qualit\u00e9, de l&rsquo;environnement et de la sant\u00e9 et s\u00e9curit\u00e9 au travail, bas\u00e9 sur les exigences des normes ISO 9001:2015, ISO 14001:2015 et ISO 45001:2018, &nbsp;pour ses activit\u00e9s de d\u00e9veloppement informatique pour les entreprises, [&hellip;]<\/p>\n","protected":false},"author":2,"featured_media":0,"parent":0,"menu_order":0,"comment_status":"closed","ping_status":"closed","template":"","meta":{"_acf_changed":false,"content-type":"","footnotes":""},"class_list":["post-11831","page","type-page","status-publish","hentry"],"acf":[],"_links":{"self":[{"href":"https:\/\/www.metacontratas.com\/fr\/wp-json\/wp\/v2\/pages\/11831","targetHints":{"allow":["GET"]}}],"collection":[{"href":"https:\/\/www.metacontratas.com\/fr\/wp-json\/wp\/v2\/pages"}],"about":[{"href":"https:\/\/www.metacontratas.com\/fr\/wp-json\/wp\/v2\/types\/page"}],"author":[{"embeddable":true,"href":"https:\/\/www.metacontratas.com\/fr\/wp-json\/wp\/v2\/users\/2"}],"replies":[{"embeddable":true,"href":"https:\/\/www.metacontratas.com\/fr\/wp-json\/wp\/v2\/comments?post=11831"}],"version-history":[{"count":2,"href":"https:\/\/www.metacontratas.com\/fr\/wp-json\/wp\/v2\/pages\/11831\/revisions"}],"predecessor-version":[{"id":11833,"href":"https:\/\/www.metacontratas.com\/fr\/wp-json\/wp\/v2\/pages\/11831\/revisions\/11833"}],"wp:attachment":[{"href":"https:\/\/www.metacontratas.com\/fr\/wp-json\/wp\/v2\/media?parent=11831"}],"curies":[{"name":"wp","href":"https:\/\/api.w.org\/{rel}","templated":true}]}}