{"id":13115,"date":"2023-07-25T14:02:47","date_gmt":"2023-07-25T14:02:47","guid":{"rendered":"https:\/\/www.metacontratas.com\/contacto\/"},"modified":"2024-10-25T11:39:54","modified_gmt":"2024-10-25T11:39:54","slug":"contato","status":"publish","type":"page","link":"https:\/\/www.metacontratas.com\/pt-br\/contato\/","title":{"rendered":"Contato"},"content":{"rendered":"\t\t<div data-elementor-type=\"wp-page\" data-elementor-id=\"13115\" class=\"elementor elementor-13115 elementor-1380\" data-elementor-post-type=\"page\">\n\t\t\t\t\t\t<section class=\"elementor-section elementor-top-section elementor-element elementor-element-bbdc076 elementor-section-boxed elementor-section-height-default elementor-section-height-default\" data-id=\"bbdc076\" data-element_type=\"section\" data-e-type=\"section\">\n\t\t\t\t\t\t<div class=\"elementor-container elementor-column-gap-default\">\n\t\t\t\t\t<div class=\"elementor-column elementor-col-100 elementor-top-column elementor-element elementor-element-f28e700\" data-id=\"f28e700\" data-element_type=\"column\" data-e-type=\"column\">\n\t\t\t<div class=\"elementor-widget-wrap elementor-element-populated\">\n\t\t\t\t\t\t<div class=\"elementor-element elementor-element-ea9b2b4 elementor-absolute elementor-widget elementor-widget-image\" data-id=\"ea9b2b4\" data-element_type=\"widget\" data-e-type=\"widget\" data-settings=\"{&quot;_position&quot;:&quot;absolute&quot;}\" data-widget_type=\"image.default\">\n\t\t\t\t<div class=\"elementor-widget-container\">\n\t\t\t\t\t\t\t\t\t\t\t\t\t\t\t<img decoding=\"async\" width=\"505\" height=\"63\" src=\"https:\/\/www.metacontratas.com\/wp-content\/uploads\/2023\/08\/Trazado-1423.png\" class=\"attachment-large size-large wp-image-2648\" alt=\"\" srcset=\"https:\/\/www.metacontratas.com\/wp-content\/uploads\/2023\/08\/Trazado-1423.png 505w, https:\/\/www.metacontratas.com\/wp-content\/uploads\/2023\/08\/Trazado-1423-300x37.png 300w\" sizes=\"(max-width: 505px) 100vw, 505px\" \/>\t\t\t\t\t\t\t\t\t\t\t\t\t\t\t<\/div>\n\t\t\t\t<\/div>\n\t\t\t\t<div class=\"elementor-element elementor-element-5ad4b88 subrayadoazul elementor-widget elementor-widget-text-editor\" data-id=\"5ad4b88\" data-element_type=\"widget\" data-e-type=\"widget\" data-widget_type=\"text-editor.default\">\n\t\t\t\t<div class=\"elementor-widget-container\">\n\t\t\t\t\t\t\t\t\t<p>Solicite informa\u00e7\u00f5es comerciais<\/p>\n\t\t\t\t\t\t\t\t<\/div>\n\t\t\t\t<\/div>\n\t\t\t\t\t<\/div>\n\t\t<\/div>\n\t\t\t\t\t<\/div>\n\t\t<\/section>\n\t\t\t\t<section class=\"elementor-section elementor-top-section elementor-element elementor-element-bc85e7a elementor-section-full_width elementor-section-height-default elementor-section-height-default\" data-id=\"bc85e7a\" data-element_type=\"section\" data-e-type=\"section\" data-settings=\"{&quot;background_background&quot;:&quot;classic&quot;}\">\n\t\t\t\t\t\t<div class=\"elementor-container elementor-column-gap-default\">\n\t\t\t\t\t<div class=\"elementor-column elementor-col-50 elementor-top-column elementor-element elementor-element-46b728f\" data-id=\"46b728f\" data-element_type=\"column\" data-e-type=\"column\" data-settings=\"{&quot;background_background&quot;:&quot;classic&quot;}\">\n\t\t\t<div class=\"elementor-widget-wrap elementor-element-populated\">\n\t\t\t\t\t\t<div class=\"elementor-element elementor-element-3a2f100 elementor-widget elementor-widget-text-editor\" data-id=\"3a2f100\" data-element_type=\"widget\" data-e-type=\"widget\" data-widget_type=\"text-editor.default\">\n\t\t\t\t<div class=\"elementor-widget-container\">\n\t\t\t\t\t\t\t\t\t<p>Os nossos representantes comerciais s\u00e3o tamb\u00e9m t\u00e9cnicos de preven\u00e7\u00e3o de riscos labor\u00e1is, estando assim a postos para ser o seu primeiro contacto com os nossos servi\u00e7os. Est\u00e3o na melhor posi\u00e7\u00e3o para o aconselhar sobre os produtos de que necessita para otimizar os seus processos empresariais. <\/p>\n<p>Gostaria de receber mais informa\u00e7\u00f5es sobre a Metacontratas CAE? Experimentar os nossos servi\u00e7os? Diga-nos de que precisa e um dos nossos colegas prestar-lhe-\u00e1 um atendimento personalizado.  <\/p>\n\t\t\t\t\t\t\t\t<\/div>\n\t\t\t\t<\/div>\n\t\t\t\t\t<\/div>\n\t\t<\/div>\n\t\t\t\t<div class=\"elementor-column elementor-col-50 elementor-top-column elementor-element elementor-element-fedc15c\" data-id=\"fedc15c\" data-element_type=\"column\" data-e-type=\"column\" data-settings=\"{&quot;background_background&quot;:&quot;classic&quot;}\">\n\t\t\t<div class=\"elementor-widget-wrap elementor-element-populated\">\n\t\t\t\t\t\t<div class=\"elementor-element elementor-element-35c61ef elementor-button-align-stretch elementor-widget elementor-widget-form\" data-id=\"35c61ef\" data-element_type=\"widget\" data-e-type=\"widget\" data-settings=\"{&quot;button_width&quot;:&quot;50&quot;,&quot;step_next_label&quot;:&quot;Siguiente&quot;,&quot;step_previous_label&quot;:&quot;Anterior&quot;,&quot;step_type&quot;:&quot;number_text&quot;,&quot;step_icon_shape&quot;:&quot;circle&quot;}\" data-widget_type=\"form.default\">\n\t\t\t\t<div class=\"elementor-widget-container\">\n\t\t\t\t\t\t\t<form class=\"elementor-form\" method=\"post\" id=\"CONTACTO_FORM\" name=\"Nuevo formulario\">\n\t\t\t<input type=\"hidden\" name=\"post_id\" value=\"13115\"\/>\n\t\t\t<input type=\"hidden\" name=\"form_id\" value=\"35c61ef\"\/>\n\t\t\t<input type=\"hidden\" name=\"referer_title\" value=\"Contato - Metacontratas\" \/>\n\n\t\t\t\t\t\t\t<input type=\"hidden\" name=\"queried_id\" value=\"13115\"\/>\n\t\t\t\n\t\t\t<div class=\"elementor-form-fields-wrapper elementor-labels-above\">\n\t\t\t\t\t\t\t\t<div class=\"elementor-field-type-text elementor-field-group elementor-column elementor-field-group-name elementor-col-50 elementor-field-required\">\n\t\t\t\t\t\t\t\t\t\t\t\t\t<input size=\"1\" type=\"text\" name=\"form_fields[name]\" id=\"form-field-name\" class=\"elementor-field elementor-size-sm  elementor-field-textual\" placeholder=\"Nome\" required=\"required\" aria-required=\"true\">\n\t\t\t\t\t\t\t\t\t\t\t<\/div>\n\t\t\t\t\t\t\t\t<div class=\"elementor-field-type-email elementor-field-group elementor-column elementor-field-group-email elementor-col-50 elementor-field-required\">\n\t\t\t\t\t\t\t\t\t\t\t\t\t<input size=\"1\" type=\"email\" name=\"form_fields[email]\" id=\"form-field-email\" class=\"elementor-field elementor-size-sm  elementor-field-textual\" placeholder=\"E-mail\" required=\"required\" aria-required=\"true\">\n\t\t\t\t\t\t\t\t\t\t\t<\/div>\n\t\t\t\t\t\t\t\t<div class=\"elementor-field-type-text elementor-field-group elementor-column elementor-field-group-field_d0fd4df elementor-col-50\">\n\t\t\t\t\t\t\t\t\t\t\t\t\t<input size=\"1\" type=\"text\" name=\"form_fields[field_d0fd4df]\" id=\"form-field-field_d0fd4df\" class=\"elementor-field elementor-size-sm  elementor-field-textual\" placeholder=\"Apelido\">\n\t\t\t\t\t\t\t\t\t\t\t<\/div>\n\t\t\t\t\t\t\t\t<div class=\"elementor-field-type-tel elementor-field-group elementor-column elementor-field-group-field_fba40fe elementor-col-50 elementor-field-required\">\n\t\t\t\t\t\t\t<input size=\"1\" type=\"tel\" name=\"form_fields[field_fba40fe]\" id=\"form-field-field_fba40fe\" class=\"elementor-field elementor-size-sm  elementor-field-textual\" placeholder=\"Telefone\" required=\"required\" aria-required=\"true\" pattern=\"[0-9()#&amp;+*-=.]+\" title=\"Only numbers and phone characters (#, -, *, etc) are accepted.\">\n\n\t\t\t\t\t\t<\/div>\n\t\t\t\t\t\t\t\t<div class=\"elementor-field-type-text elementor-field-group elementor-column elementor-field-group-field_fec7c02 elementor-col-50 elementor-field-required\">\n\t\t\t\t\t\t\t\t\t\t\t\t\t<input size=\"1\" type=\"text\" name=\"form_fields[field_fec7c02]\" id=\"form-field-field_fec7c02\" class=\"elementor-field elementor-size-sm  elementor-field-textual\" placeholder=\"Empresa\" required=\"required\" aria-required=\"true\">\n\t\t\t\t\t\t\t\t\t\t\t<\/div>\n\t\t\t\t\t\t\t\t<div class=\"elementor-field-type-text elementor-field-group elementor-column elementor-field-group-field_a04d641 elementor-col-50 elementor-field-required\">\n\t\t\t\t\t\t\t\t\t\t\t\t\t<input size=\"1\" type=\"text\" name=\"form_fields[field_a04d641]\" id=\"form-field-field_a04d641\" class=\"elementor-field elementor-size-sm  elementor-field-textual\" placeholder=\"Fale-nos sobre isso\" required=\"required\" aria-required=\"true\">\n\t\t\t\t\t\t\t\t\t\t\t<\/div>\n\t\t\t\t\t\t\t\t<div class=\"elementor-field-type-acceptance elementor-field-group elementor-column elementor-field-group-field_65288be elementor-col-50 elementor-field-required\">\n\t\t\t\t\t\t\t<div class=\"elementor-field-subgroup\">\n\t\t\t<span class=\"elementor-field-option\">\n\t\t\t\t<input type=\"checkbox\" name=\"form_fields[field_65288be]\" id=\"form-field-field_65288be\" class=\"elementor-field elementor-size-sm  elementor-acceptance-field\" required=\"required\" aria-required=\"true\">\n\t\t\t\t<label for=\"form-field-field_65288be\"><span style=\"font-size: 12px;\">Respons\u00e1vel: METADATA S.L. Objetivo: atender, gerir e responder \u00e0s suas quest\u00f5es e pedidos. Direitos: pode exercer o seu direito de acesso, retifica\u00e7\u00e3o, elimina\u00e7\u00e3o e outros direitos, tal como estabelecido na informa\u00e7\u00e3o alargada que pode ler visitando a nossa Pol\u00edtica de Privacidade. <\/label>\t\t\t<\/span>\n\t\t<\/div>\n\t\t\t\t\t\t<\/div>\n\t\t\t\t\t\t\t\t<div class=\"elementor-field-type-recaptcha elementor-field-group elementor-column elementor-field-group-field_09519cc elementor-col-100\">\n\t\t\t\t\t<div class=\"elementor-field\" id=\"form-field-field_09519cc\"><div class=\"elementor-g-recaptcha\" data-sitekey=\"6LeZZyIoAAAAAL6VVSRr57KK0unFSKX7lNcAPFM6\" data-type=\"v2_checkbox\" data-theme=\"light\" data-size=\"normal\"><\/div><\/div>\t\t\t\t<\/div>\n\t\t\t\t\t\t\t\t<div class=\"elementor-field-group elementor-column elementor-field-type-submit elementor-col-50 e-form__buttons\">\n\t\t\t\t\t<button class=\"elementor-button elementor-size-sm\" type=\"submit\">\n\t\t\t\t\t\t<span class=\"elementor-button-content-wrapper\">\n\t\t\t\t\t\t\t\t\t\t\t\t\t\t\t\t\t\t\t\t\t\t<span class=\"elementor-button-text\">enviar<\/span>\n\t\t\t\t\t\t\t\t\t\t\t\t\t<\/span>\n\t\t\t\t\t<\/button>\n\t\t\t\t<\/div>\n\t\t\t<\/div>\n\t\t<\/form>\n\t\t\t\t\t\t<\/div>\n\t\t\t\t<\/div>\n\t\t\t\t\t<\/div>\n\t\t<\/div>\n\t\t\t\t\t<\/div>\n\t\t<\/section>\n\t\t\t\t<section class=\"elementor-section elementor-top-section elementor-element elementor-element-829185c elementor-section-full_width elementor-section-height-default elementor-section-height-default\" data-id=\"829185c\" data-element_type=\"section\" data-e-type=\"section\">\n\t\t\t\t\t\t<div class=\"elementor-container elementor-column-gap-default\">\n\t\t\t\t\t<div class=\"elementor-column elementor-col-50 elementor-top-column elementor-element elementor-element-919ebc3\" data-id=\"919ebc3\" data-element_type=\"column\" data-e-type=\"column\" data-settings=\"{&quot;background_background&quot;:&quot;classic&quot;}\">\n\t\t\t<div class=\"elementor-widget-wrap elementor-element-populated\">\n\t\t\t\t\t\t<div class=\"elementor-element elementor-element-84dc08a elementor-widget elementor-widget-text-editor\" data-id=\"84dc08a\" data-element_type=\"widget\" data-e-type=\"widget\" data-widget_type=\"text-editor.default\">\n\t\t\t\t<div class=\"elementor-widget-container\">\n\t\t\t\t\t\t\t\t\t<p>Contato<\/p>\n\t\t\t\t\t\t\t\t<\/div>\n\t\t\t\t<\/div>\n\t\t\t\t<section class=\"elementor-section elementor-inner-section elementor-element elementor-element-c45a15a elementor-section-boxed elementor-section-height-default elementor-section-height-default\" data-id=\"c45a15a\" data-element_type=\"section\" data-e-type=\"section\">\n\t\t\t\t\t\t<div class=\"elementor-container elementor-column-gap-default\">\n\t\t\t\t\t<div class=\"elementor-column elementor-col-50 elementor-inner-column elementor-element elementor-element-f8a6e57\" data-id=\"f8a6e57\" data-element_type=\"column\" data-e-type=\"column\">\n\t\t\t<div class=\"elementor-widget-wrap elementor-element-populated\">\n\t\t\t\t\t\t<div class=\"elementor-element elementor-element-b950650 elementor-widget elementor-widget-text-editor\" data-id=\"b950650\" data-element_type=\"widget\" data-e-type=\"widget\" data-widget_type=\"text-editor.default\">\n\t\t\t\t<div class=\"elementor-widget-container\">\n\t\t\t\t\t\t\t\t\t<p><strong>suporte<\/strong><\/p>\n<p>+34 952 02 02 22<\/p>\n\t\t\t\t\t\t\t\t<\/div>\n\t\t\t\t<\/div>\n\t\t\t\t<div class=\"elementor-element elementor-element-4e98d41 elementor-widget elementor-widget-text-editor\" data-id=\"4e98d41\" data-element_type=\"widget\" data-e-type=\"widget\" data-widget_type=\"text-editor.default\">\n\t\t\t\t<div class=\"elementor-widget-container\">\n\t\t\t\t\t\t\t\t\t<p><strong>informa\u00e7\u00f5es comerciais<\/strong><\/p>\n<p>+34 910 05 05 05<\/p>\n\t\t\t\t\t\t\t\t<\/div>\n\t\t\t\t<\/div>\n\t\t\t\t<div class=\"elementor-element elementor-element-1b0a97d elementor-widget elementor-widget-text-editor\" data-id=\"1b0a97d\" data-element_type=\"widget\" data-e-type=\"widget\" data-widget_type=\"text-editor.default\">\n\t\t\t\t<div class=\"elementor-widget-container\">\n\t\t\t\t\t\t\t\t\t<p><strong>info@metacontratas.com<\/strong><\/p>\n\t\t\t\t\t\t\t\t<\/div>\n\t\t\t\t<\/div>\n\t\t\t\t\t<\/div>\n\t\t<\/div>\n\t\t\t\t<div class=\"elementor-column elementor-col-50 elementor-inner-column elementor-element elementor-element-7c12505\" data-id=\"7c12505\" data-element_type=\"column\" data-e-type=\"column\">\n\t\t\t<div class=\"elementor-widget-wrap elementor-element-populated\">\n\t\t\t\t\t\t<div class=\"elementor-element elementor-element-61a9dc0 elementor-widget elementor-widget-text-editor\" data-id=\"61a9dc0\" data-element_type=\"widget\" data-e-type=\"widget\" data-widget_type=\"text-editor.default\">\n\t\t\t\t<div class=\"elementor-widget-container\">\n\t\t\t\t\t\t\t\t\t<p>C\/ Graham Bell, 6 Edif. Hevimar II, 3\u00aa Planta, Oficina 9, 29590 M\u00e1laga <\/p>\n\t\t\t\t\t\t\t\t<\/div>\n\t\t\t\t<\/div>\n\t\t\t\t<div class=\"elementor-element elementor-element-4e310ea elementor-widget elementor-widget-text-editor\" data-id=\"4e310ea\" data-element_type=\"widget\" data-e-type=\"widget\" data-widget_type=\"text-editor.default\">\n\t\t\t\t<div class=\"elementor-widget-container\">\n\t\t\t\t\t\t\t\t\t<p><span style=\"color: #132944;\"><strong><a style=\"color: #132944;\" href=\"https:\/\/www.linkedin.com\/showcase\/metacontratas-cae\/\" target=\"_blank\" rel=\"noopener\">Linkedin<\/a> <a style=\"color: #132944;\" href=\"https:\/\/www.youtube.com\/@MetacontratasEsCAE\" target=\"_blank\" rel=\"noopener\">Youtube<\/a><\/strong><\/span><\/p>\n\t\t\t\t\t\t\t\t<\/div>\n\t\t\t\t<\/div>\n\t\t\t\t\t<\/div>\n\t\t<\/div>\n\t\t\t\t\t<\/div>\n\t\t<\/section>\n\t\t\t\t\t<\/div>\n\t\t<\/div>\n\t\t\t\t<div class=\"elementor-column elementor-col-50 elementor-top-column elementor-element elementor-element-d8315de\" data-id=\"d8315de\" data-element_type=\"column\" data-e-type=\"column\" data-settings=\"{&quot;background_background&quot;:&quot;classic&quot;}\">\n\t\t\t<div class=\"elementor-widget-wrap elementor-element-populated\">\n\t\t\t\t\t\t<div class=\"elementor-element elementor-element-567c757 elementor-widget elementor-widget-google_maps\" data-id=\"567c757\" data-element_type=\"widget\" data-e-type=\"widget\" data-widget_type=\"google_maps.default\">\n\t\t\t\t<div class=\"elementor-widget-container\">\n\t\t\t\t\t\t\t<div class=\"elementor-custom-embed\">\n\t\t\t<iframe loading=\"lazy\"\n\t\t\t\t\tsrc=\"https:\/\/maps.google.com\/maps?q=Metacontratas&#038;t=m&#038;z=16&#038;output=embed&#038;iwloc=near\"\n\t\t\t\t\ttitle=\"Metacontratas\"\n\t\t\t\t\taria-label=\"Metacontratas\"\n\t\t\t><\/iframe>\n\t\t<\/div>\n\t\t\t\t\t\t<\/div>\n\t\t\t\t<\/div>\n\t\t\t\t\t<\/div>\n\t\t<\/div>\n\t\t\t\t\t<\/div>\n\t\t<\/section>\n\t\t\t\t<\/div>\n\t\t","protected":false},"excerpt":{"rendered":"<p>Solicite informa\u00e7\u00f5es comerciais Os nossos representantes comerciais s\u00e3o tamb\u00e9m t\u00e9cnicos de preven\u00e7\u00e3o de riscos labor\u00e1is, estando assim a postos para ser o seu primeiro contacto com os nossos servi\u00e7os. Est\u00e3o na melhor posi\u00e7\u00e3o para o aconselhar sobre os produtos de que necessita para otimizar os seus processos empresariais. Gostaria de receber mais informa\u00e7\u00f5es sobre a [&hellip;]<\/p>\n","protected":false},"author":3,"featured_media":0,"parent":0,"menu_order":0,"comment_status":"closed","ping_status":"closed","template":"","meta":{"_acf_changed":false,"content-type":"","footnotes":""},"class_list":["post-13115","page","type-page","status-publish","hentry"],"acf":[],"yoast_head":"<!-- This site is optimized with the Yoast SEO plugin v27.5 - https:\/\/yoast.com\/product\/yoast-seo-wordpress\/ -->\n<title>Contato - Metacontratas<\/title>\n<meta name=\"robots\" content=\"index, follow, max-snippet:-1, max-image-preview:large, max-video-preview:-1\" \/>\n<link rel=\"canonical\" href=\"https:\/\/www.metacontratas.com\/pt-br\/contato\/\" \/>\n<meta property=\"og:locale\" content=\"en_US\" \/>\n<meta property=\"og:type\" content=\"article\" \/>\n<meta property=\"og:title\" content=\"Contato - Metacontratas\" \/>\n<meta property=\"og:description\" content=\"Solicite informa\u00e7\u00f5es comerciais Os nossos representantes comerciais s\u00e3o tamb\u00e9m t\u00e9cnicos de preven\u00e7\u00e3o de riscos labor\u00e1is, estando assim a postos para ser o seu primeiro contacto com os nossos servi\u00e7os. Est\u00e3o na melhor posi\u00e7\u00e3o para o aconselhar sobre os produtos de que necessita para otimizar os seus processos empresariais. Gostaria de receber mais informa\u00e7\u00f5es sobre a [&hellip;]\" \/>\n<meta property=\"og:url\" content=\"https:\/\/www.metacontratas.com\/pt-br\/contato\/\" \/>\n<meta property=\"og:site_name\" content=\"Metacontratas\" \/>\n<meta property=\"article:modified_time\" content=\"2024-10-25T11:39:54+00:00\" \/>\n<meta property=\"og:image\" content=\"https:\/\/www.metacontratas.com\/wp-content\/uploads\/2023\/08\/Trazado-1423.png\" \/>\n\t<meta property=\"og:image:width\" content=\"505\" \/>\n\t<meta property=\"og:image:height\" content=\"63\" \/>\n\t<meta property=\"og:image:type\" content=\"image\/png\" \/>\n<meta name=\"twitter:card\" content=\"summary_large_image\" \/>\n<meta name=\"twitter:label1\" content=\"Est. reading time\" \/>\n\t<meta name=\"twitter:data1\" content=\"1 minute\" \/>\n<script type=\"application\/ld+json\" class=\"yoast-schema-graph\">{\"@context\":\"https:\\\/\\\/schema.org\",\"@graph\":[{\"@type\":\"WebPage\",\"@id\":\"https:\\\/\\\/www.metacontratas.com\\\/pt-br\\\/contato\\\/\",\"url\":\"https:\\\/\\\/www.metacontratas.com\\\/pt-br\\\/contato\\\/\",\"name\":\"Contato - Metacontratas\",\"isPartOf\":{\"@id\":\"https:\\\/\\\/www.metacontratas.com\\\/#website\"},\"primaryImageOfPage\":{\"@id\":\"https:\\\/\\\/www.metacontratas.com\\\/pt-br\\\/contato\\\/#primaryimage\"},\"image\":{\"@id\":\"https:\\\/\\\/www.metacontratas.com\\\/pt-br\\\/contato\\\/#primaryimage\"},\"thumbnailUrl\":\"https:\\\/\\\/www.metacontratas.com\\\/wp-content\\\/uploads\\\/2023\\\/08\\\/Trazado-1423.png\",\"datePublished\":\"2023-07-25T14:02:47+00:00\",\"dateModified\":\"2024-10-25T11:39:54+00:00\",\"breadcrumb\":{\"@id\":\"https:\\\/\\\/www.metacontratas.com\\\/pt-br\\\/contato\\\/#breadcrumb\"},\"inLanguage\":\"br-BR\",\"potentialAction\":[{\"@type\":\"ReadAction\",\"target\":[\"https:\\\/\\\/www.metacontratas.com\\\/pt-br\\\/contato\\\/\"]}]},{\"@type\":\"ImageObject\",\"inLanguage\":\"br-BR\",\"@id\":\"https:\\\/\\\/www.metacontratas.com\\\/pt-br\\\/contato\\\/#primaryimage\",\"url\":\"https:\\\/\\\/www.metacontratas.com\\\/wp-content\\\/uploads\\\/2023\\\/08\\\/Trazado-1423.png\",\"contentUrl\":\"https:\\\/\\\/www.metacontratas.com\\\/wp-content\\\/uploads\\\/2023\\\/08\\\/Trazado-1423.png\"},{\"@type\":\"BreadcrumbList\",\"@id\":\"https:\\\/\\\/www.metacontratas.com\\\/pt-br\\\/contato\\\/#breadcrumb\",\"itemListElement\":[{\"@type\":\"ListItem\",\"position\":1,\"name\":\"Portada\",\"item\":\"https:\\\/\\\/www.metacontratas.com\\\/pt-br\\\/\"},{\"@type\":\"ListItem\",\"position\":2,\"name\":\"Contato\"}]},{\"@type\":\"WebSite\",\"@id\":\"https:\\\/\\\/www.metacontratas.com\\\/#website\",\"url\":\"https:\\\/\\\/www.metacontratas.com\\\/\",\"name\":\"Metacontratas\",\"description\":\"Metacontratas: plataforma CAE para automatizar la gesti\u00f3n documental y coordinaci\u00f3n de subcontratas. Simplifica PRL, acceso, validaci\u00f3n en 24\u202fh y cumple legalmente\",\"publisher\":{\"@id\":\"https:\\\/\\\/www.metacontratas.com\\\/#organization\"},\"alternateName\":\"Metacontratas CAE eficaz, Coordinaci\u00f3n de Actividades Empresariales\",\"potentialAction\":[{\"@type\":\"SearchAction\",\"target\":{\"@type\":\"EntryPoint\",\"urlTemplate\":\"https:\\\/\\\/www.metacontratas.com\\\/?s={search_term_string}\"},\"query-input\":{\"@type\":\"PropertyValueSpecification\",\"valueRequired\":true,\"valueName\":\"search_term_string\"}}],\"inLanguage\":\"br-BR\"},{\"@type\":\"Organization\",\"@id\":\"https:\\\/\\\/www.metacontratas.com\\\/#organization\",\"name\":\"Metadata\",\"alternateName\":\"Metadata \\\/Metacontratas\",\"url\":\"https:\\\/\\\/www.metacontratas.com\\\/\",\"logo\":{\"@type\":\"ImageObject\",\"inLanguage\":\"br-BR\",\"@id\":\"https:\\\/\\\/www.metacontratas.com\\\/#\\\/schema\\\/logo\\\/image\\\/\",\"url\":\"https:\\\/\\\/www.metacontratas.com\\\/wp-content\\\/uploads\\\/2026\\\/01\\\/Isotipo-metadata-duotono-1-1.png\",\"contentUrl\":\"https:\\\/\\\/www.metacontratas.com\\\/wp-content\\\/uploads\\\/2026\\\/01\\\/Isotipo-metadata-duotono-1-1.png\",\"width\":696,\"height\":696,\"caption\":\"Metadata\"},\"image\":{\"@id\":\"https:\\\/\\\/www.metacontratas.com\\\/#\\\/schema\\\/logo\\\/image\\\/\"}}]}<\/script>\n<!-- \/ Yoast SEO plugin. -->","yoast_head_json":{"title":"Contato - Metacontratas","robots":{"index":"index","follow":"follow","max-snippet":"max-snippet:-1","max-image-preview":"max-image-preview:large","max-video-preview":"max-video-preview:-1"},"canonical":"https:\/\/www.metacontratas.com\/pt-br\/contato\/","og_locale":"en_US","og_type":"article","og_title":"Contato - Metacontratas","og_description":"Solicite informa\u00e7\u00f5es comerciais Os nossos representantes comerciais s\u00e3o tamb\u00e9m t\u00e9cnicos de preven\u00e7\u00e3o de riscos labor\u00e1is, estando assim a postos para ser o seu primeiro contacto com os nossos servi\u00e7os. Est\u00e3o na melhor posi\u00e7\u00e3o para o aconselhar sobre os produtos de que necessita para otimizar os seus processos empresariais. Gostaria de receber mais informa\u00e7\u00f5es sobre a [&hellip;]","og_url":"https:\/\/www.metacontratas.com\/pt-br\/contato\/","og_site_name":"Metacontratas","article_modified_time":"2024-10-25T11:39:54+00:00","og_image":[{"width":505,"height":63,"url":"https:\/\/www.metacontratas.com\/wp-content\/uploads\/2023\/08\/Trazado-1423.png","type":"image\/png"}],"twitter_card":"summary_large_image","twitter_misc":{"Est. reading time":"1 minute"},"schema":{"@context":"https:\/\/schema.org","@graph":[{"@type":"WebPage","@id":"https:\/\/www.metacontratas.com\/pt-br\/contato\/","url":"https:\/\/www.metacontratas.com\/pt-br\/contato\/","name":"Contato - Metacontratas","isPartOf":{"@id":"https:\/\/www.metacontratas.com\/#website"},"primaryImageOfPage":{"@id":"https:\/\/www.metacontratas.com\/pt-br\/contato\/#primaryimage"},"image":{"@id":"https:\/\/www.metacontratas.com\/pt-br\/contato\/#primaryimage"},"thumbnailUrl":"https:\/\/www.metacontratas.com\/wp-content\/uploads\/2023\/08\/Trazado-1423.png","datePublished":"2023-07-25T14:02:47+00:00","dateModified":"2024-10-25T11:39:54+00:00","breadcrumb":{"@id":"https:\/\/www.metacontratas.com\/pt-br\/contato\/#breadcrumb"},"inLanguage":"br-BR","potentialAction":[{"@type":"ReadAction","target":["https:\/\/www.metacontratas.com\/pt-br\/contato\/"]}]},{"@type":"ImageObject","inLanguage":"br-BR","@id":"https:\/\/www.metacontratas.com\/pt-br\/contato\/#primaryimage","url":"https:\/\/www.metacontratas.com\/wp-content\/uploads\/2023\/08\/Trazado-1423.png","contentUrl":"https:\/\/www.metacontratas.com\/wp-content\/uploads\/2023\/08\/Trazado-1423.png"},{"@type":"BreadcrumbList","@id":"https:\/\/www.metacontratas.com\/pt-br\/contato\/#breadcrumb","itemListElement":[{"@type":"ListItem","position":1,"name":"Portada","item":"https:\/\/www.metacontratas.com\/pt-br\/"},{"@type":"ListItem","position":2,"name":"Contato"}]},{"@type":"WebSite","@id":"https:\/\/www.metacontratas.com\/#website","url":"https:\/\/www.metacontratas.com\/","name":"Metacontratas","description":"Metacontratas: plataforma CAE para automatizar la gesti\u00f3n documental y coordinaci\u00f3n de subcontratas. Simplifica PRL, acceso, validaci\u00f3n en 24\u202fh y cumple legalmente","publisher":{"@id":"https:\/\/www.metacontratas.com\/#organization"},"alternateName":"Metacontratas CAE eficaz, Coordinaci\u00f3n de Actividades Empresariales","potentialAction":[{"@type":"SearchAction","target":{"@type":"EntryPoint","urlTemplate":"https:\/\/www.metacontratas.com\/?s={search_term_string}"},"query-input":{"@type":"PropertyValueSpecification","valueRequired":true,"valueName":"search_term_string"}}],"inLanguage":"br-BR"},{"@type":"Organization","@id":"https:\/\/www.metacontratas.com\/#organization","name":"Metadata","alternateName":"Metadata \/Metacontratas","url":"https:\/\/www.metacontratas.com\/","logo":{"@type":"ImageObject","inLanguage":"br-BR","@id":"https:\/\/www.metacontratas.com\/#\/schema\/logo\/image\/","url":"https:\/\/www.metacontratas.com\/wp-content\/uploads\/2026\/01\/Isotipo-metadata-duotono-1-1.png","contentUrl":"https:\/\/www.metacontratas.com\/wp-content\/uploads\/2026\/01\/Isotipo-metadata-duotono-1-1.png","width":696,"height":696,"caption":"Metadata"},"image":{"@id":"https:\/\/www.metacontratas.com\/#\/schema\/logo\/image\/"}}]}},"_links":{"self":[{"href":"https:\/\/www.metacontratas.com\/pt-br\/wp-json\/wp\/v2\/pages\/13115","targetHints":{"allow":["GET"]}}],"collection":[{"href":"https:\/\/www.metacontratas.com\/pt-br\/wp-json\/wp\/v2\/pages"}],"about":[{"href":"https:\/\/www.metacontratas.com\/pt-br\/wp-json\/wp\/v2\/types\/page"}],"author":[{"embeddable":true,"href":"https:\/\/www.metacontratas.com\/pt-br\/wp-json\/wp\/v2\/users\/3"}],"replies":[{"embeddable":true,"href":"https:\/\/www.metacontratas.com\/pt-br\/wp-json\/wp\/v2\/comments?post=13115"}],"version-history":[{"count":12,"href":"https:\/\/www.metacontratas.com\/pt-br\/wp-json\/wp\/v2\/pages\/13115\/revisions"}],"predecessor-version":[{"id":13973,"href":"https:\/\/www.metacontratas.com\/pt-br\/wp-json\/wp\/v2\/pages\/13115\/revisions\/13973"}],"wp:attachment":[{"href":"https:\/\/www.metacontratas.com\/pt-br\/wp-json\/wp\/v2\/media?parent=13115"}],"curies":[{"name":"wp","href":"https:\/\/api.w.org\/{rel}","templated":true}]}}