{"id":13492,"date":"2023-09-11T12:24:19","date_gmt":"2023-09-11T12:24:19","guid":{"rendered":"https:\/\/www.metacontratas.com\/?page_id=13492"},"modified":"2024-09-16T17:55:41","modified_gmt":"2024-09-16T17:55:41","slug":"politica-de-calidad-medioambiente-y-seguridad-y-salud-en-el-trabajo","status":"publish","type":"page","link":"https:\/\/www.metacontratas.com\/pt-br\/politica-de-calidad-medioambiente-y-seguridad-y-salud-en-el-trabajo\/","title":{"rendered":"Pol\u00edtica de Qualidade, Meio Ambiente e Seguran\u00e7a e Sa\u00fade no Trabalho"},"content":{"rendered":"\t\t<div data-elementor-type=\"wp-page\" data-elementor-id=\"13492\" class=\"elementor elementor-13492 elementor-3739\" data-elementor-post-type=\"page\">\n\t\t\t\t\t\t<section class=\"elementor-section elementor-top-section elementor-element elementor-element-caacd00 elementor-section-boxed elementor-section-height-default elementor-section-height-default\" data-id=\"caacd00\" data-element_type=\"section\">\n\t\t\t\t\t\t<div class=\"elementor-container elementor-column-gap-default\">\n\t\t\t\t\t<div class=\"elementor-column elementor-col-100 elementor-top-column elementor-element elementor-element-a9f1ab1\" data-id=\"a9f1ab1\" data-element_type=\"column\">\n\t\t\t<div class=\"elementor-widget-wrap elementor-element-populated\">\n\t\t\t\t\t\t<div class=\"elementor-element elementor-element-f0e791f elementor-widget elementor-widget-text-editor\" data-id=\"f0e791f\" data-element_type=\"widget\" data-widget_type=\"text-editor.default\">\n\t\t\t\t<div class=\"elementor-widget-container\">\n\t\t\t<style>\/*! elementor - v3.22.0 - 17-06-2024 *\/\n.elementor-widget-text-editor.elementor-drop-cap-view-stacked .elementor-drop-cap{background-color:#69727d;color:#fff}.elementor-widget-text-editor.elementor-drop-cap-view-framed .elementor-drop-cap{color:#69727d;border:3px solid;background-color:transparent}.elementor-widget-text-editor:not(.elementor-drop-cap-view-default) .elementor-drop-cap{margin-top:8px}.elementor-widget-text-editor:not(.elementor-drop-cap-view-default) .elementor-drop-cap-letter{width:1em;height:1em}.elementor-widget-text-editor .elementor-drop-cap{float:left;text-align:center;line-height:1;font-size:50px}.elementor-widget-text-editor .elementor-drop-cap-letter{display:inline-block}<\/style>\t\t\t\t<h1><b>Pol\u00edtica de Qualidade, Meio Ambiente e Seguran\u00e7a e Sa\u00fade no Trabalho<\/b><\/h1>\n<p>A METADATA S.L. assumiu o compromisso de manter um Sistema de Gest\u00e3o de Qualidade, Meio Ambiente e Seguran\u00e7a e Sa\u00fade no Trabalho, baseado nos requisitos das normas ISO 9001:2015, ISO 14001:2015 e ISO 45001:2018, para suas atividades de Desenvolvimento de Software para Empresas e Presta\u00e7\u00e3o de Servi\u00e7os de Gest\u00e3o Documental relacionada \u00e0 Seguran\u00e7a e Sa\u00fade.<\/p>\n<p>A METADATA S.L., empresa com mais de 15 anos de experi\u00eancia no setor, centra sua pol\u00edtica em oferecer solu\u00e7\u00f5es de TI aos seus clientes, garantindo a melhoria cont\u00ednua da efic\u00e1cia do sistema de gest\u00e3o.<\/p>\n<p>De acordo com esses princ\u00edpios, a METADATA S.L. assume os seguintes compromissos:<\/p>\n<ul>\n<li><strong>Desenvolver nossa atividade assegurando a qualidade de nossos trabalhos<\/strong>, para satisfazer as necessidades de nossos clientes, exigindo em cada atua\u00e7\u00e3o qualidade, detalhamento e excel\u00eancia.<\/li>\n<li><strong>Adapta\u00e7\u00e3o \u00e0s mudan\u00e7as<\/strong>: a METADATA S.L. se caracteriza por ser uma empresa flex\u00edvel, adaptando-se \u00e0s mudan\u00e7as e evoluindo nos diferentes contextos.<\/li>\n<li><strong>Prote\u00e7\u00e3o do Meio Ambiente<\/strong>: a preven\u00e7\u00e3o da polui\u00e7\u00e3o e do esgotamento dos recursos s\u00e3o incorporadas em todas as atividades que se desenvolvem com potencial impacto sobre o meio ambiente, mediante o controle, gest\u00e3o e minimiza\u00e7\u00e3o dos poss\u00edveis res\u00edduos gerados durante nossa atividade.<\/li>\n<li><strong>Preven\u00e7\u00e3o de Riscos Ocupacionais<\/strong>: proporcionar condi\u00e7\u00f5es de trabalho seguras e saud\u00e1veis e realizar o planejamento de a\u00e7\u00f5es preventivas em todas as atividades laborais que se desenvolvem, com o objetivo de evitar les\u00f5es ou deteriora\u00e7\u00e3o da sa\u00fade ou bem-estar dos trabalhadores, eliminando os perigos e reduzindo os riscos para a Seguran\u00e7a e Sa\u00fade no Trabalho.<\/li>\n<li><strong>Legalidade<\/strong>: \u00e9 condi\u00e7\u00e3o b\u00e1sica cumprir com todos os requisitos legais aplic\u00e1veis e com qualquer outro requisito que a organiza\u00e7\u00e3o subscreva. Por isso, assume-se o compromisso de realizar verifica\u00e7\u00f5es peri\u00f3dicas do cumprimento legal.<\/li>\n<\/ul><div><br><\/div>\n<p>Estamos conscientes da import\u00e2ncia que o fator humano tem na qualidade do trabalho, por isso contamos com uma excelente equipe multidisciplinar; conseguindo juntos oferecer uma vis\u00e3o conjunta, \u00edntegra e profissional aos nossos clientes.<\/p>\n<p>A responsabilidade pela implementa\u00e7\u00e3o e implanta\u00e7\u00e3o do Sistema de Gest\u00e3o incumbe a todas as \u00e1reas da METADATA S.L., portanto, todos os trabalhadores mant\u00eam o compromisso de incorporar a gest\u00e3o preventiva em suas atividades cotidianas, assim como a minimiza\u00e7\u00e3o da gera\u00e7\u00e3o de res\u00edduos e consumos.<\/p>\n<p>A melhoria cont\u00ednua do sistema s\u00f3 pode ser alcan\u00e7ada mediante a informa\u00e7\u00e3o, consulta e participa\u00e7\u00e3o do pessoal, em todos os n\u00edveis e setores da METADATA S.L.<\/p>\n<p>M\u00e1laga, 16 de setembro de 2019<\/p>\n<p><strong>Dire\u00e7\u00e3o<\/strong><\/p>\n<p>Francisco Pic\u00f3n<\/p>\t\t\t\t\t\t<\/div>\n\t\t\t\t<\/div>\n\t\t\t\t\t<\/div>\n\t\t<\/div>\n\t\t\t\t\t<\/div>\n\t\t<\/section>\n\t\t\t\t<\/div>\n\t\t","protected":false},"excerpt":{"rendered":"<p>Pol\u00edtica de Qualidade, Meio Ambiente e Seguran\u00e7a e Sa\u00fade no Trabalho A METADATA S.L. assumiu o compromisso de manter um Sistema de Gest\u00e3o de Qualidade, Meio Ambiente e Seguran\u00e7a e Sa\u00fade no Trabalho, baseado nos requisitos das normas ISO 9001:2015, ISO 14001:2015 e ISO 45001:2018, para suas atividades de Desenvolvimento de Software para Empresas e [&hellip;]<\/p>\n","protected":false},"author":2,"featured_media":0,"parent":0,"menu_order":0,"comment_status":"closed","ping_status":"closed","template":"","meta":{"_acf_changed":false,"content-type":"","footnotes":""},"class_list":["post-13492","page","type-page","status-publish","hentry"],"acf":[],"_links":{"self":[{"href":"https:\/\/www.metacontratas.com\/pt-br\/wp-json\/wp\/v2\/pages\/13492","targetHints":{"allow":["GET"]}}],"collection":[{"href":"https:\/\/www.metacontratas.com\/pt-br\/wp-json\/wp\/v2\/pages"}],"about":[{"href":"https:\/\/www.metacontratas.com\/pt-br\/wp-json\/wp\/v2\/types\/page"}],"author":[{"embeddable":true,"href":"https:\/\/www.metacontratas.com\/pt-br\/wp-json\/wp\/v2\/users\/2"}],"replies":[{"embeddable":true,"href":"https:\/\/www.metacontratas.com\/pt-br\/wp-json\/wp\/v2\/comments?post=13492"}],"version-history":[{"count":10,"href":"https:\/\/www.metacontratas.com\/pt-br\/wp-json\/wp\/v2\/pages\/13492\/revisions"}],"predecessor-version":[{"id":13522,"href":"https:\/\/www.metacontratas.com\/pt-br\/wp-json\/wp\/v2\/pages\/13492\/revisions\/13522"}],"wp:attachment":[{"href":"https:\/\/www.metacontratas.com\/pt-br\/wp-json\/wp\/v2\/media?parent=13492"}],"curies":[{"name":"wp","href":"https:\/\/api.w.org\/{rel}","templated":true}]}}