{"id":13501,"date":"2023-09-04T13:23:40","date_gmt":"2023-09-04T13:23:40","guid":{"rendered":"https:\/\/www.metacontratas.com\/?page_id=13501"},"modified":"2024-09-16T17:37:09","modified_gmt":"2024-09-16T17:37:09","slug":"alta-subcontrata","status":"publish","type":"page","link":"https:\/\/www.metacontratas.com\/pt-br\/alta-subcontrata\/","title":{"rendered":"Alta Subcontrata"},"content":{"rendered":"\t\t<div data-elementor-type=\"wp-page\" data-elementor-id=\"13501\" class=\"elementor elementor-13501 elementor-3610\" data-elementor-post-type=\"page\">\n\t\t\t\t\t\t<section class=\"elementor-section elementor-top-section elementor-element elementor-element-d8754c9 elementor-section-boxed elementor-section-height-default elementor-section-height-default\" data-id=\"d8754c9\" data-element_type=\"section\" data-e-type=\"section\">\n\t\t\t\t\t\t<div class=\"elementor-container elementor-column-gap-default\">\n\t\t\t\t\t<div class=\"elementor-column elementor-col-100 elementor-top-column elementor-element elementor-element-02f1bc7\" data-id=\"02f1bc7\" data-element_type=\"column\" data-e-type=\"column\">\n\t\t\t<div class=\"elementor-widget-wrap elementor-element-populated\">\n\t\t\t\t\t\t<div class=\"elementor-element elementor-element-8a6dd0a elementor-widget elementor-widget-html\" data-id=\"8a6dd0a\" data-element_type=\"widget\" data-e-type=\"widget\" data-widget_type=\"html.default\">\n\t\t\t\t<div class=\"elementor-widget-container\">\n\t\t\t\t\t<iframe src=\"https:\/\/www.metacontratas.com\/altasubcontratas-pt.html\" height=\"2200\"><\/iframe>\t\t\t\t<\/div>\n\t\t\t\t<\/div>\n\t\t\t\t\t<\/div>\n\t\t<\/div>\n\t\t\t\t\t<\/div>\n\t\t<\/section>\n\t\t\t\t<\/div>\n\t\t","protected":false},"excerpt":{"rendered":"<p>Test Subcontratas<\/p>\n","protected":false},"author":2,"featured_media":0,"parent":0,"menu_order":0,"comment_status":"closed","ping_status":"closed","template":"","meta":{"_acf_changed":false,"content-type":"","footnotes":""},"class_list":["post-13501","page","type-page","status-publish","hentry"],"acf":[],"yoast_head":"<!-- This site is optimized with the Yoast SEO plugin v27.5 - https:\/\/yoast.com\/product\/yoast-seo-wordpress\/ -->\n<title>Alta Subcontrata - Metacontratas<\/title>\n<meta name=\"robots\" content=\"index, follow, max-snippet:-1, max-image-preview:large, max-video-preview:-1\" \/>\n<link rel=\"canonical\" href=\"https:\/\/www.metacontratas.com\/pt-br\/alta-subcontrata\/\" \/>\n<meta property=\"og:locale\" content=\"en_US\" \/>\n<meta property=\"og:type\" content=\"article\" \/>\n<meta property=\"og:title\" content=\"Alta Subcontrata - Metacontratas\" \/>\n<meta property=\"og:description\" content=\"Test Subcontratas\" \/>\n<meta property=\"og:url\" content=\"https:\/\/www.metacontratas.com\/pt-br\/alta-subcontrata\/\" \/>\n<meta property=\"og:site_name\" content=\"Metacontratas\" \/>\n<meta property=\"article:modified_time\" content=\"2024-09-16T17:37:09+00:00\" \/>\n<meta name=\"twitter:card\" content=\"summary_large_image\" \/>\n<script type=\"application\/ld+json\" class=\"yoast-schema-graph\">{\"@context\":\"https:\\\/\\\/schema.org\",\"@graph\":[{\"@type\":\"WebPage\",\"@id\":\"https:\\\/\\\/www.metacontratas.com\\\/pt-br\\\/alta-subcontrata\\\/\",\"url\":\"https:\\\/\\\/www.metacontratas.com\\\/pt-br\\\/alta-subcontrata\\\/\",\"name\":\"Alta Subcontrata - Metacontratas\",\"isPartOf\":{\"@id\":\"https:\\\/\\\/www.metacontratas.com\\\/#website\"},\"datePublished\":\"2023-09-04T13:23:40+00:00\",\"dateModified\":\"2024-09-16T17:37:09+00:00\",\"breadcrumb\":{\"@id\":\"https:\\\/\\\/www.metacontratas.com\\\/pt-br\\\/alta-subcontrata\\\/#breadcrumb\"},\"inLanguage\":\"br-BR\",\"potentialAction\":[{\"@type\":\"ReadAction\",\"target\":[\"https:\\\/\\\/www.metacontratas.com\\\/pt-br\\\/alta-subcontrata\\\/\"]}]},{\"@type\":\"BreadcrumbList\",\"@id\":\"https:\\\/\\\/www.metacontratas.com\\\/pt-br\\\/alta-subcontrata\\\/#breadcrumb\",\"itemListElement\":[{\"@type\":\"ListItem\",\"position\":1,\"name\":\"Portada\",\"item\":\"https:\\\/\\\/www.metacontratas.com\\\/pt-br\\\/\"},{\"@type\":\"ListItem\",\"position\":2,\"name\":\"Alta Subcontrata\"}]},{\"@type\":\"WebSite\",\"@id\":\"https:\\\/\\\/www.metacontratas.com\\\/#website\",\"url\":\"https:\\\/\\\/www.metacontratas.com\\\/\",\"name\":\"Metacontratas\",\"description\":\"Metacontratas: plataforma CAE para automatizar la gesti\u00f3n documental y coordinaci\u00f3n de subcontratas. Simplifica PRL, acceso, validaci\u00f3n en 24\u202fh y cumple legalmente\",\"publisher\":{\"@id\":\"https:\\\/\\\/www.metacontratas.com\\\/#organization\"},\"alternateName\":\"Metacontratas CAE eficaz, Coordinaci\u00f3n de Actividades Empresariales\",\"potentialAction\":[{\"@type\":\"SearchAction\",\"target\":{\"@type\":\"EntryPoint\",\"urlTemplate\":\"https:\\\/\\\/www.metacontratas.com\\\/?s={search_term_string}\"},\"query-input\":{\"@type\":\"PropertyValueSpecification\",\"valueRequired\":true,\"valueName\":\"search_term_string\"}}],\"inLanguage\":\"br-BR\"},{\"@type\":\"Organization\",\"@id\":\"https:\\\/\\\/www.metacontratas.com\\\/#organization\",\"name\":\"Metadata\",\"alternateName\":\"Metadata \\\/Metacontratas\",\"url\":\"https:\\\/\\\/www.metacontratas.com\\\/\",\"logo\":{\"@type\":\"ImageObject\",\"inLanguage\":\"br-BR\",\"@id\":\"https:\\\/\\\/www.metacontratas.com\\\/#\\\/schema\\\/logo\\\/image\\\/\",\"url\":\"https:\\\/\\\/www.metacontratas.com\\\/wp-content\\\/uploads\\\/2026\\\/01\\\/Isotipo-metadata-duotono-1-1.png\",\"contentUrl\":\"https:\\\/\\\/www.metacontratas.com\\\/wp-content\\\/uploads\\\/2026\\\/01\\\/Isotipo-metadata-duotono-1-1.png\",\"width\":696,\"height\":696,\"caption\":\"Metadata\"},\"image\":{\"@id\":\"https:\\\/\\\/www.metacontratas.com\\\/#\\\/schema\\\/logo\\\/image\\\/\"}}]}<\/script>\n<!-- \/ Yoast SEO plugin. -->","yoast_head_json":{"title":"Alta Subcontrata - Metacontratas","robots":{"index":"index","follow":"follow","max-snippet":"max-snippet:-1","max-image-preview":"max-image-preview:large","max-video-preview":"max-video-preview:-1"},"canonical":"https:\/\/www.metacontratas.com\/pt-br\/alta-subcontrata\/","og_locale":"en_US","og_type":"article","og_title":"Alta Subcontrata - Metacontratas","og_description":"Test Subcontratas","og_url":"https:\/\/www.metacontratas.com\/pt-br\/alta-subcontrata\/","og_site_name":"Metacontratas","article_modified_time":"2024-09-16T17:37:09+00:00","twitter_card":"summary_large_image","schema":{"@context":"https:\/\/schema.org","@graph":[{"@type":"WebPage","@id":"https:\/\/www.metacontratas.com\/pt-br\/alta-subcontrata\/","url":"https:\/\/www.metacontratas.com\/pt-br\/alta-subcontrata\/","name":"Alta Subcontrata - Metacontratas","isPartOf":{"@id":"https:\/\/www.metacontratas.com\/#website"},"datePublished":"2023-09-04T13:23:40+00:00","dateModified":"2024-09-16T17:37:09+00:00","breadcrumb":{"@id":"https:\/\/www.metacontratas.com\/pt-br\/alta-subcontrata\/#breadcrumb"},"inLanguage":"br-BR","potentialAction":[{"@type":"ReadAction","target":["https:\/\/www.metacontratas.com\/pt-br\/alta-subcontrata\/"]}]},{"@type":"BreadcrumbList","@id":"https:\/\/www.metacontratas.com\/pt-br\/alta-subcontrata\/#breadcrumb","itemListElement":[{"@type":"ListItem","position":1,"name":"Portada","item":"https:\/\/www.metacontratas.com\/pt-br\/"},{"@type":"ListItem","position":2,"name":"Alta Subcontrata"}]},{"@type":"WebSite","@id":"https:\/\/www.metacontratas.com\/#website","url":"https:\/\/www.metacontratas.com\/","name":"Metacontratas","description":"Metacontratas: plataforma CAE para automatizar la gesti\u00f3n documental y coordinaci\u00f3n de subcontratas. Simplifica PRL, acceso, validaci\u00f3n en 24\u202fh y cumple legalmente","publisher":{"@id":"https:\/\/www.metacontratas.com\/#organization"},"alternateName":"Metacontratas CAE eficaz, Coordinaci\u00f3n de Actividades Empresariales","potentialAction":[{"@type":"SearchAction","target":{"@type":"EntryPoint","urlTemplate":"https:\/\/www.metacontratas.com\/?s={search_term_string}"},"query-input":{"@type":"PropertyValueSpecification","valueRequired":true,"valueName":"search_term_string"}}],"inLanguage":"br-BR"},{"@type":"Organization","@id":"https:\/\/www.metacontratas.com\/#organization","name":"Metadata","alternateName":"Metadata \/Metacontratas","url":"https:\/\/www.metacontratas.com\/","logo":{"@type":"ImageObject","inLanguage":"br-BR","@id":"https:\/\/www.metacontratas.com\/#\/schema\/logo\/image\/","url":"https:\/\/www.metacontratas.com\/wp-content\/uploads\/2026\/01\/Isotipo-metadata-duotono-1-1.png","contentUrl":"https:\/\/www.metacontratas.com\/wp-content\/uploads\/2026\/01\/Isotipo-metadata-duotono-1-1.png","width":696,"height":696,"caption":"Metadata"},"image":{"@id":"https:\/\/www.metacontratas.com\/#\/schema\/logo\/image\/"}}]}},"_links":{"self":[{"href":"https:\/\/www.metacontratas.com\/pt-br\/wp-json\/wp\/v2\/pages\/13501","targetHints":{"allow":["GET"]}}],"collection":[{"href":"https:\/\/www.metacontratas.com\/pt-br\/wp-json\/wp\/v2\/pages"}],"about":[{"href":"https:\/\/www.metacontratas.com\/pt-br\/wp-json\/wp\/v2\/types\/page"}],"author":[{"embeddable":true,"href":"https:\/\/www.metacontratas.com\/pt-br\/wp-json\/wp\/v2\/users\/2"}],"replies":[{"embeddable":true,"href":"https:\/\/www.metacontratas.com\/pt-br\/wp-json\/wp\/v2\/comments?post=13501"}],"version-history":[{"count":4,"href":"https:\/\/www.metacontratas.com\/pt-br\/wp-json\/wp\/v2\/pages\/13501\/revisions"}],"predecessor-version":[{"id":13510,"href":"https:\/\/www.metacontratas.com\/pt-br\/wp-json\/wp\/v2\/pages\/13501\/revisions\/13510"}],"wp:attachment":[{"href":"https:\/\/www.metacontratas.com\/pt-br\/wp-json\/wp\/v2\/media?parent=13501"}],"curies":[{"name":"wp","href":"https:\/\/api.w.org\/{rel}","templated":true}]}}